{"id":1312,"date":"2026-01-21T01:02:20","date_gmt":"2026-01-21T01:02:20","guid":{"rendered":"https:\/\/novawebmaster.com\/colvirreysolis\/?page_id=1312"},"modified":"2026-04-08T15:59:23","modified_gmt":"2026-04-08T15:59:23","slug":"simbolos-y-horizonte-institucional","status":"publish","type":"page","link":"https:\/\/novawebmaster.com\/colvirreysolis\/simbolos-y-horizonte-institucional\/","title":{"rendered":"S\u00edmbolos y Horizonte Institucional"},"content":{"rendered":"\t\t<div data-elementor-type=\"wp-page\" data-elementor-id=\"1312\" class=\"elementor elementor-1312\" data-elementor-post-type=\"page\">\n\t\t\t\t<div class=\"elementor-element elementor-element-9r5t3x6 e-con-full e-flex e-con e-parent\" data-id=\"9r5t3x6\" data-element_type=\"container\" data-e-type=\"container\" data-settings=\"{&quot;background_background&quot;:&quot;classic&quot;}\">\n\t\t\t\t<div class=\"elementor-element elementor-element-5810600 elementor-widget elementor-widget-heading\" data-id=\"5810600\" data-element_type=\"widget\" data-e-type=\"widget\" data-widget_type=\"heading.default\">\n\t\t\t\t\t<h1 class=\"elementor-heading-title elementor-size-default\">S\u00edmbolos y Horizonte Institucional<\/h1>\t\t\t\t<\/div>\n\t\t\t\t<\/div>\n\t\t<div class=\"elementor-element elementor-element-tfmhygo e-flex e-con-boxed e-con e-parent\" data-id=\"tfmhygo\" data-element_type=\"container\" data-e-type=\"container\">\n\t\t\t\t\t<div class=\"e-con-inner\">\n\t\t<div class=\"elementor-element elementor-element-ad2a952 e-con-full e-flex e-con e-child\" data-id=\"ad2a952\" data-element_type=\"container\" data-e-type=\"container\">\n\t\t<div class=\"elementor-element elementor-element-780040e e-con-full e-flex e-con e-child\" data-id=\"780040e\" data-element_type=\"container\" data-e-type=\"container\">\n\t\t<div class=\"elementor-element elementor-element-aa5ff3c e-con-full e-flex e-con e-child\" data-id=\"aa5ff3c\" data-element_type=\"container\" data-e-type=\"container\" data-settings=\"{&quot;background_background&quot;:&quot;classic&quot;}\">\n\t\t\t\t<div class=\"elementor-element elementor-element-90ada61 elementor-position-top elementor-widget elementor-widget-image-box\" data-id=\"90ada61\" data-element_type=\"widget\" data-e-type=\"widget\" data-widget_type=\"image-box.default\">\n\t\t\t\t\t<div class=\"elementor-image-box-wrapper\"><figure class=\"elementor-image-box-img\"><img fetchpriority=\"high\" decoding=\"async\" width=\"1200\" height=\"675\" src=\"https:\/\/novawebmaster.com\/colvirreysolis\/wp-content\/uploads\/2026\/01\/MISION.png\" class=\"attachment-full size-full wp-image-1583\" alt=\"\" srcset=\"https:\/\/novawebmaster.com\/colvirreysolis\/wp-content\/uploads\/2026\/01\/MISION.png 1200w, https:\/\/novawebmaster.com\/colvirreysolis\/wp-content\/uploads\/2026\/01\/MISION-300x169.png 300w, https:\/\/novawebmaster.com\/colvirreysolis\/wp-content\/uploads\/2026\/01\/MISION-1024x576.png 1024w, https:\/\/novawebmaster.com\/colvirreysolis\/wp-content\/uploads\/2026\/01\/MISION-768x432.png 768w, https:\/\/novawebmaster.com\/colvirreysolis\/wp-content\/uploads\/2026\/01\/MISION-600x338.png 600w\" sizes=\"(max-width: 1200px) 100vw, 1200px\" \/><\/figure><div class=\"elementor-image-box-content\"><h4 class=\"elementor-image-box-title\">Misi\u00f3n<\/h4><p class=\"elementor-image-box-description\">El Colegio Franciscano del Virrey Sol\u00eds de Bucaramanga, inspirado en los principios y valores cat\u00f3licos, con fundamento en la espiritualidad franciscana, forma y educa hombres y mujeres de PAZ Y BIEN, para que sean constructores de una sociedad m\u00e1s justa y humana, a trav\u00e9s de la evangelizaci\u00f3n, comprometida con el respeto y la protecci\u00f3n del medio ambiente, la formaci\u00f3n acad\u00e9mica y la asimilaci\u00f3n del conocimiento, que susciten la reflexi\u00f3n cr\u00edtica de la realidad y promuevan las capacidades de cada persona, siendo l\u00edderes, emprendedores y gestores de la transformaci\u00f3n de la sociedad.<\/p><\/div><\/div>\t\t\t\t<\/div>\n\t\t\t\t<\/div>\n\t\t<div class=\"elementor-element elementor-element-499c3b9 e-con-full e-flex e-con e-child\" data-id=\"499c3b9\" data-element_type=\"container\" data-e-type=\"container\" data-settings=\"{&quot;background_background&quot;:&quot;classic&quot;}\">\n\t\t\t\t<div class=\"elementor-element elementor-element-6a728be elementor-position-top elementor-widget elementor-widget-image-box\" data-id=\"6a728be\" data-element_type=\"widget\" data-e-type=\"widget\" data-widget_type=\"image-box.default\">\n\t\t\t\t\t<div class=\"elementor-image-box-wrapper\"><figure class=\"elementor-image-box-img\"><img decoding=\"async\" width=\"1200\" height=\"675\" src=\"https:\/\/novawebmaster.com\/colvirreysolis\/wp-content\/uploads\/2026\/01\/VISION.png\" class=\"attachment-full size-full wp-image-1584\" alt=\"\" srcset=\"https:\/\/novawebmaster.com\/colvirreysolis\/wp-content\/uploads\/2026\/01\/VISION.png 1200w, https:\/\/novawebmaster.com\/colvirreysolis\/wp-content\/uploads\/2026\/01\/VISION-300x169.png 300w, https:\/\/novawebmaster.com\/colvirreysolis\/wp-content\/uploads\/2026\/01\/VISION-1024x576.png 1024w, https:\/\/novawebmaster.com\/colvirreysolis\/wp-content\/uploads\/2026\/01\/VISION-768x432.png 768w, https:\/\/novawebmaster.com\/colvirreysolis\/wp-content\/uploads\/2026\/01\/VISION-600x338.png 600w\" sizes=\"(max-width: 1200px) 100vw, 1200px\" \/><\/figure><div class=\"elementor-image-box-content\"><h4 class=\"elementor-image-box-title\">Visi\u00f3n<\/h4><p class=\"elementor-image-box-description\">Como comunidad acad\u00e9mica y formadora, el Colegio Franciscano del Virrey Sol\u00eds de Bucaramanga, al 2028 ser\u00e1 reconocido por su propuesta y su formaci\u00f3n humana y cristiana, proyect\u00e1ndose como colegio l\u00edder en innovaci\u00f3n pedag\u00f3gica, alto nivel en una segunda lengua extranjera (ingl\u00e9s) y formaci\u00f3n cient\u00edfica con sentido social-ecol\u00f3gico que aporte a la construcci\u00f3n de una naci\u00f3n fraterna, acorde con los requerimientos de transformaci\u00f3n y visi\u00f3n moderna del desarrollo.<\/p><\/div><\/div>\t\t\t\t<\/div>\n\t\t\t\t<\/div>\n\t\t\t\t<\/div>\n\t\t<div class=\"elementor-element elementor-element-46b58e5 e-con-full e-flex e-con e-child\" data-id=\"46b58e5\" data-element_type=\"container\" data-e-type=\"container\">\n\t\t<div class=\"elementor-element elementor-element-0c0f0a0 e-con-full e-flex e-con e-child\" data-id=\"0c0f0a0\" data-element_type=\"container\" data-e-type=\"container\" data-settings=\"{&quot;background_background&quot;:&quot;classic&quot;}\">\n\t\t\t\t<div class=\"elementor-element elementor-element-dc8db29 elementor-widget elementor-widget-heading\" data-id=\"dc8db29\" data-element_type=\"widget\" data-e-type=\"widget\" data-widget_type=\"heading.default\">\n\t\t\t\t\t<h4 class=\"elementor-heading-title elementor-size-default\">HIMNOVIRREYISTA\n<\/h4>\t\t\t\t<\/div>\n\t\t\t\t<\/div>\n\t\t<div class=\"elementor-element elementor-element-891514c e-con-full e-flex e-con e-child\" data-id=\"891514c\" data-element_type=\"container\" data-e-type=\"container\" data-settings=\"{&quot;background_background&quot;:&quot;classic&quot;}\">\n\t\t\t\t<div class=\"elementor-element elementor-element-92a1f83 elementor-widget elementor-widget-video\" data-id=\"92a1f83\" data-element_type=\"widget\" data-e-type=\"widget\" data-settings=\"{&quot;video_type&quot;:&quot;hosted&quot;,&quot;controls&quot;:&quot;yes&quot;}\" data-widget_type=\"video.default\">\n\t\t\t\t\t\t\t<div class=\"e-hosted-video elementor-wrapper elementor-open-inline\">\n\t\t\t\t\t<video class=\"elementor-video\" src=\"https:\/\/novawebmaster.com\/colvirreysolis\/wp-content\/uploads\/2026\/04\/Himno-Virreyista.mp4\" controls=\"\" preload=\"metadata\" controlsList=\"nodownload\"><\/video>\n\t\t\t\t<\/div>\n\t\t\t\t\t\t<\/div>\n\t\t\t\t<\/div>\n\t\t\t\t<\/div>\n\t\t\t\t<\/div>\n\t\t\t\t\t<\/div>\n\t\t\t\t<\/div>\n\t\t<div class=\"elementor-element elementor-element-b8fa46e e-con-full e-flex e-con e-parent\" data-id=\"b8fa46e\" data-element_type=\"container\" data-e-type=\"container\">\n\t\t<div class=\"elementor-element elementor-element-a2ab720 e-flex e-con-boxed e-con e-child\" data-id=\"a2ab720\" data-element_type=\"container\" data-e-type=\"container\">\n\t\t\t\t\t<div class=\"e-con-inner\">\n\t\t\t\t<div class=\"elementor-element elementor-element-9e9f9f8 elementor-widget elementor-widget-heading\" data-id=\"9e9f9f8\" data-element_type=\"widget\" data-e-type=\"widget\" data-widget_type=\"heading.default\">\n\t\t\t\t\t<h4 class=\"elementor-heading-title elementor-size-default\">VALORES VIRREYISTAS\n<\/h4>\t\t\t\t<\/div>\n\t\t\t\t\t<\/div>\n\t\t\t\t<\/div>\n\t\t<div class=\"elementor-element elementor-element-25bdeae e-flex e-con-boxed e-con e-child\" data-id=\"25bdeae\" data-element_type=\"container\" data-e-type=\"container\">\n\t\t\t\t\t<div class=\"e-con-inner\">\n\t\t<div class=\"elementor-element elementor-element-0d8b0ef e-con-full e-flex e-con e-child\" data-id=\"0d8b0ef\" data-element_type=\"container\" data-e-type=\"container\" data-settings=\"{&quot;background_background&quot;:&quot;classic&quot;}\">\n\t\t\t\t<div class=\"elementor-element elementor-element-ce409b6 elementor-flip-box--direction-left elementor-flip-box--3d elementor-flip-box--effect-flip elementor-widget elementor-widget-flip-box\" data-id=\"ce409b6\" data-element_type=\"widget\" data-e-type=\"widget\" data-widget_type=\"flip-box.default\">\n\t\t\t\t\t\t\t<div class=\"elementor-flip-box\" tabindex=\"0\">\n\t\t\t<div class=\"elementor-flip-box__layer elementor-flip-box__front\">\n\t\t\t\t<div class=\"elementor-flip-box__layer__overlay\">\n\t\t\t\t\t<div class=\"elementor-flip-box__layer__inner\">\n\t\t\t\t\t\t\n\t\t\t\t\t\t\t\t\t\t\t\t\t<h3 class=\"elementor-flip-box__layer__title\">\n\t\t\t\t\t\t\t\tFraternidad\t\t\t\t\t\t\t<\/h3>\n\t\t\t\t\t\t\n\t\t\t\t\t\t\t\t\t\t\t\t\t<div class=\"elementor-flip-box__layer__description\">\n\t\t\t\t\t\t\t\tEl valor que nos hace hermanos\t\t\t\t\t\t\t<\/div>\n\t\t\t\t\t\t\t\t\t\t\t<\/div>\n\t\t\t\t<\/div>\n\t\t\t<\/div>\n\t\t\t<div class=\"elementor-flip-box__layer elementor-flip-box__back\">\n\t\t\t<div class=\"elementor-flip-box__layer__overlay\">\n\t\t\t\t<div class=\"elementor-flip-box__layer__inner\">\n\t\t\t\t\t\n\t\t\t\t\t\t\t\t\t\t\t<div class=\"elementor-flip-box__layer__description\">\n\t\t\t\t\t\t\tLa Fraternidad es el acto de vernos a todos como hermanos. Significa construir un equipo donde nadie queda fuera, celebramos las diferencias y elegimos el respeto mutuo por encima de cualquier conflicto. Es vivir la Paz y el Bien en cada interacci\u00f3n.\t\t\t\t\t\t<\/div>\n\t\t\t\t\t\n\t\t\t\t\t\t\t\t<\/div>\n\t\t<\/div>\n\t\t<\/div>\n\t\t<\/div>\n\t\t\t\t\t\t<\/div>\n\t\t\t\t<\/div>\n\t\t<div class=\"elementor-element elementor-element-7d09550 e-con-full e-flex e-con e-child\" data-id=\"7d09550\" data-element_type=\"container\" data-e-type=\"container\" data-settings=\"{&quot;background_background&quot;:&quot;classic&quot;}\">\n\t\t\t\t<div class=\"elementor-element elementor-element-209377d elementor-flip-box--direction-left elementor-flip-box--3d elementor-flip-box--effect-flip elementor-widget elementor-widget-flip-box\" data-id=\"209377d\" data-element_type=\"widget\" data-e-type=\"widget\" data-widget_type=\"flip-box.default\">\n\t\t\t\t\t\t\t<div class=\"elementor-flip-box\" tabindex=\"0\">\n\t\t\t<div class=\"elementor-flip-box__layer elementor-flip-box__front\">\n\t\t\t\t<div class=\"elementor-flip-box__layer__overlay\">\n\t\t\t\t\t<div class=\"elementor-flip-box__layer__inner\">\n\t\t\t\t\t\t\n\t\t\t\t\t\t\t\t\t\t\t\t\t<h3 class=\"elementor-flip-box__layer__title\">\n\t\t\t\t\t\t\t\tEl Respeto a la Diversidad\t\t\t\t\t\t\t<\/h3>\n\t\t\t\t\t\t\n\t\t\t\t\t\t\t\t\t\t\t\t\t<div class=\"elementor-flip-box__layer__description\">\n\t\t\t\t\t\t\t\tEl valor de la inclusi\u00f3n\t\t\t\t\t\t\t<\/div>\n\t\t\t\t\t\t\t\t\t\t\t<\/div>\n\t\t\t\t<\/div>\n\t\t\t<\/div>\n\t\t\t<div class=\"elementor-flip-box__layer elementor-flip-box__back\">\n\t\t\t<div class=\"elementor-flip-box__layer__overlay\">\n\t\t\t\t<div class=\"elementor-flip-box__layer__inner\">\n\t\t\t\t\t\n\t\t\t\t\t\t\t\t\t\t\t<div class=\"elementor-flip-box__layer__description\">\n\t\t\t\t\t\t\tEl Respeto a la Diversidad es entender que la variedad es la riqueza. Se trata de valorar las distintas culturas, ideas, talentos y formas de pensar de cada persona, reconociendo que cada uno tiene un aporte \u00fanico. Es ser genuinamente inclusivo y rechazar cualquier tipo de discriminaci\u00f3n.\t\t\t\t\t\t<\/div>\n\t\t\t\t\t\n\t\t\t\t\t\t\t\t<\/div>\n\t\t<\/div>\n\t\t<\/div>\n\t\t<\/div>\n\t\t\t\t\t\t<\/div>\n\t\t\t\t<\/div>\n\t\t<div class=\"elementor-element elementor-element-8dae910 e-con-full e-flex e-con e-child\" data-id=\"8dae910\" data-element_type=\"container\" data-e-type=\"container\" data-settings=\"{&quot;background_background&quot;:&quot;classic&quot;}\">\n\t\t\t\t<div class=\"elementor-element elementor-element-8d18011 elementor-flip-box--direction-left elementor-flip-box--3d elementor-flip-box--effect-flip elementor-widget elementor-widget-flip-box\" data-id=\"8d18011\" data-element_type=\"widget\" data-e-type=\"widget\" data-widget_type=\"flip-box.default\">\n\t\t\t\t\t\t\t<div class=\"elementor-flip-box\" tabindex=\"0\">\n\t\t\t<div class=\"elementor-flip-box__layer elementor-flip-box__front\">\n\t\t\t\t<div class=\"elementor-flip-box__layer__overlay\">\n\t\t\t\t\t<div class=\"elementor-flip-box__layer__inner\">\n\t\t\t\t\t\t\n\t\t\t\t\t\t\t\t\t\t\t\t\t<h3 class=\"elementor-flip-box__layer__title\">\n\t\t\t\t\t\t\t\tLa Responsabilidad Social\t\t\t\t\t\t\t<\/h3>\n\t\t\t\t\t\t\n\t\t\t\t\t\t\t\t\t\t\t\t\t<div class=\"elementor-flip-box__layer__description\">\n\t\t\t\t\t\t\t\tEl valor hecho acci\u00f3n\t\t\t\t\t\t\t<\/div>\n\t\t\t\t\t\t\t\t\t\t\t<\/div>\n\t\t\t\t<\/div>\n\t\t\t<\/div>\n\t\t\t<div class=\"elementor-flip-box__layer elementor-flip-box__back\">\n\t\t\t<div class=\"elementor-flip-box__layer__overlay\">\n\t\t\t\t<div class=\"elementor-flip-box__layer__inner\">\n\t\t\t\t\t\n\t\t\t\t\t\t\t\t\t\t\t<div class=\"elementor-flip-box__layer__description\">\n\t\t\t\t\t\t\tLa Responsabilidad Social es actuar con la conciencia de que tus decisiones afectan a tu entorno. Implica usar tu inteligencia y tus recursos para mejorar la sociedad, ser \u00e9tico en tus acciones y buscar soluciones a los problemas de tu comunidad. Es ser un ciudadano proactivo con mentalidad de servicio.\t\t\t\t\t\t<\/div>\n\t\t\t\t\t\n\t\t\t\t\t\t\t\t<\/div>\n\t\t<\/div>\n\t\t<\/div>\n\t\t<\/div>\n\t\t\t\t\t\t<\/div>\n\t\t\t\t<\/div>\n\t\t<div class=\"elementor-element elementor-element-2fb1bcb e-con-full e-flex e-con e-child\" data-id=\"2fb1bcb\" data-element_type=\"container\" data-e-type=\"container\" data-settings=\"{&quot;background_background&quot;:&quot;classic&quot;}\">\n\t\t\t\t<div class=\"elementor-element elementor-element-a05dee8 elementor-flip-box--direction-left elementor-flip-box--3d elementor-flip-box--effect-flip elementor-widget elementor-widget-flip-box\" data-id=\"a05dee8\" data-element_type=\"widget\" data-e-type=\"widget\" data-widget_type=\"flip-box.default\">\n\t\t\t\t\t\t\t<div class=\"elementor-flip-box\" tabindex=\"0\">\n\t\t\t<div class=\"elementor-flip-box__layer elementor-flip-box__front\">\n\t\t\t\t<div class=\"elementor-flip-box__layer__overlay\">\n\t\t\t\t\t<div class=\"elementor-flip-box__layer__inner\">\n\t\t\t\t\t\t\n\t\t\t\t\t\t\t\t\t\t\t\t\t<h3 class=\"elementor-flip-box__layer__title\">\n\t\t\t\t\t\t\t\tLa Alegr\u00eda\t\t\t\t\t\t\t<\/h3>\n\t\t\t\t\t\t\n\t\t\t\t\t\t\t\t\t\t\t\t\t<div class=\"elementor-flip-box__layer__description\">\n\t\t\t\t\t\t\t\tEl valor de la actitud positiva\t\t\t\t\t\t\t<\/div>\n\t\t\t\t\t\t\t\t\t\t\t<\/div>\n\t\t\t\t<\/div>\n\t\t\t<\/div>\n\t\t\t<div class=\"elementor-flip-box__layer elementor-flip-box__back\">\n\t\t\t<div class=\"elementor-flip-box__layer__overlay\">\n\t\t\t\t<div class=\"elementor-flip-box__layer__inner\">\n\t\t\t\t\t\n\t\t\t\t\t\t\t\t\t\t\t<div class=\"elementor-flip-box__layer__description\">\n\t\t\t\t\t\t\tLa Alegr\u00eda es una actitud proactiva ante la vida, incluso cuando las cosas se ponen dif\u00edciles. Es la capacidad de mantener el optimismo y la gratitud, celebrando lo bueno y contagiando esa buena energ\u00eda a los que te rodean. Es la fuerza interior que nace de una fe sencilla y profunda.\t\t\t\t\t\t<\/div>\n\t\t\t\t\t\n\t\t\t\t\t\t\t\t<\/div>\n\t\t<\/div>\n\t\t<\/div>\n\t\t<\/div>\n\t\t\t\t\t\t<\/div>\n\t\t\t\t<\/div>\n\t\t\t\t\t<\/div>\n\t\t\t\t<\/div>\n\t\t\t\t<\/div>\n\t\t<div class=\"elementor-element elementor-element-042196f e-con-full e-flex e-con e-parent\" data-id=\"042196f\" data-element_type=\"container\" data-e-type=\"container\">\n\t\t<div class=\"elementor-element elementor-element-611b157 e-flex e-con-boxed e-con e-child\" data-id=\"611b157\" data-element_type=\"container\" data-e-type=\"container\" data-settings=\"{&quot;background_background&quot;:&quot;classic&quot;}\">\n\t\t\t\t\t<div class=\"e-con-inner\">\n\t\t\t\t<div class=\"elementor-element elementor-element-47a8ab1 elementor-widget elementor-widget-pdfjs-viewer\" data-id=\"47a8ab1\" data-element_type=\"widget\" data-e-type=\"widget\" data-widget_type=\"pdfjs-viewer.default\">\n\t\t\t\t<div class=\"elementor-widget-container\">\n\t\t\t\t\t<iframe width=\"\" height=\"1000\" src=\"https:\/\/novawebmaster.com\/colvirreysolis\/wp-content\/plugins\/pdfjs-viewer-for-elementor\/\/assets\/js\/pdfjs\/web\/viewer.html?file=https:\/\/novawebmaster.com\/colvirreysolis\/wp-content\/uploads\/2026\/04\/SIMBOLOS-VIRREYISTAS.pdf\"><\/iframe>\t\t\t\t<\/div>\n\t\t\t\t<\/div>\n\t\t\t\t\t<\/div>\n\t\t\t\t<\/div>\n\t\t\t\t<\/div>\n\t\t\t\t<\/div>\n\t\t","protected":false},"excerpt":{"rendered":"<p>S\u00edmbolos y Horizonte Institucional Misi\u00f3n El Colegio Franciscano del Virrey Sol\u00eds de Bucaramanga, inspirado en los principios y valores cat\u00f3licos, con fundamento en la espiritualidad franciscana, forma y educa hombres y mujeres de PAZ Y BIEN, para que sean constructores de una sociedad m\u00e1s justa y humana, a trav\u00e9s de la evangelizaci\u00f3n, comprometida con el [&hellip;]<\/p>\n","protected":false},"author":1,"featured_media":0,"parent":0,"menu_order":0,"comment_status":"closed","ping_status":"closed","template":"","meta":{"site-sidebar-layout":"no-sidebar","site-content-layout":"page-builder","ast-site-content-layout":"full-width-container","site-content-style":"default","site-sidebar-style":"default","ast-global-header-display":"","ast-banner-title-visibility":"","ast-main-header-display":"","ast-hfb-above-header-display":"","ast-hfb-below-header-display":"","ast-hfb-mobile-header-display":"","site-post-title":"disabled","ast-breadcrumbs-content":"","ast-featured-img":"disabled","footer-sml-layout":"","ast-disable-related-posts":"","theme-transparent-header-meta":"default","adv-header-id-meta":"","stick-header-meta":"default","header-above-stick-meta":"","header-main-stick-meta":"","header-below-stick-meta":"","astra-migrate-meta-layouts":"set","ast-page-background-enabled":"default","ast-page-background-meta":{"desktop":{"background-color":"","background-image":"","background-repeat":"repeat","background-position":"center center","background-size":"auto","background-attachment":"scroll","background-type":"","background-media":"","overlay-type":"","overlay-color":"","overlay-opacity":"","overlay-gradient":""},"tablet":{"background-color":"","background-image":"","background-repeat":"repeat","background-position":"center center","background-size":"auto","background-attachment":"scroll","background-type":"","background-media":"","overlay-type":"","overlay-color":"","overlay-opacity":"","overlay-gradient":""},"mobile":{"background-color":"","background-image":"","background-repeat":"repeat","background-position":"center center","background-size":"auto","background-attachment":"scroll","background-type":"","background-media":"","overlay-type":"","overlay-color":"","overlay-opacity":"","overlay-gradient":""}},"ast-content-background-meta":{"desktop":{"background-color":"var(--ast-global-color-5)","background-image":"","background-repeat":"repeat","background-position":"center center","background-size":"auto","background-attachment":"scroll","background-type":"","background-media":"","overlay-type":"","overlay-color":"","overlay-opacity":"","overlay-gradient":""},"tablet":{"background-color":"var(--ast-global-color-5)","background-image":"","background-repeat":"repeat","background-position":"center center","background-size":"auto","background-attachment":"scroll","background-type":"","background-media":"","overlay-type":"","overlay-color":"","overlay-opacity":"","overlay-gradient":""},"mobile":{"background-color":"var(--ast-global-color-5)","background-image":"","background-repeat":"repeat","background-position":"center center","background-size":"auto","background-attachment":"scroll","background-type":"","background-media":"","overlay-type":"","overlay-color":"","overlay-opacity":"","overlay-gradient":""}},"_joinchat":[],"footnotes":""},"class_list":["post-1312","page","type-page","status-publish","hentry"],"_links":{"self":[{"href":"https:\/\/novawebmaster.com\/colvirreysolis\/wp-json\/wp\/v2\/pages\/1312","targetHints":{"allow":["GET"]}}],"collection":[{"href":"https:\/\/novawebmaster.com\/colvirreysolis\/wp-json\/wp\/v2\/pages"}],"about":[{"href":"https:\/\/novawebmaster.com\/colvirreysolis\/wp-json\/wp\/v2\/types\/page"}],"author":[{"embeddable":true,"href":"https:\/\/novawebmaster.com\/colvirreysolis\/wp-json\/wp\/v2\/users\/1"}],"replies":[{"embeddable":true,"href":"https:\/\/novawebmaster.com\/colvirreysolis\/wp-json\/wp\/v2\/comments?post=1312"}],"version-history":[{"count":53,"href":"https:\/\/novawebmaster.com\/colvirreysolis\/wp-json\/wp\/v2\/pages\/1312\/revisions"}],"predecessor-version":[{"id":3694,"href":"https:\/\/novawebmaster.com\/colvirreysolis\/wp-json\/wp\/v2\/pages\/1312\/revisions\/3694"}],"wp:attachment":[{"href":"https:\/\/novawebmaster.com\/colvirreysolis\/wp-json\/wp\/v2\/media?parent=1312"}],"curies":[{"name":"wp","href":"https:\/\/api.w.org\/{rel}","templated":true}]}}