{"id":1363,"date":"2026-01-21T02:57:42","date_gmt":"2026-01-21T02:57:42","guid":{"rendered":"https:\/\/novawebmaster.com\/colvirreysolis\/?page_id=1363"},"modified":"2026-04-10T22:36:34","modified_gmt":"2026-04-10T22:36:34","slug":"sistema-de-gestion-de-calidad","status":"publish","type":"page","link":"https:\/\/novawebmaster.com\/colvirreysolis\/sistema-de-gestion-de-calidad\/","title":{"rendered":"Sistema de Gesti\u00f3n de Calidad"},"content":{"rendered":"\t\t<div data-elementor-type=\"wp-page\" data-elementor-id=\"1363\" class=\"elementor elementor-1363\" data-elementor-post-type=\"page\">\n\t\t\t\t<div class=\"elementor-element elementor-element-9r5t3x6 e-con-full e-flex e-con e-parent\" data-id=\"9r5t3x6\" data-element_type=\"container\" data-e-type=\"container\" data-settings=\"{&quot;background_background&quot;:&quot;classic&quot;}\">\n\t\t\t\t<div class=\"elementor-element elementor-element-5810600 elementor-widget elementor-widget-heading\" data-id=\"5810600\" data-element_type=\"widget\" data-e-type=\"widget\" data-widget_type=\"heading.default\">\n\t\t\t\t\t<h1 class=\"elementor-heading-title elementor-size-default\">Sistema de Gesti\u00f3n de Calidad<\/h1>\t\t\t\t<\/div>\n\t\t\t\t<\/div>\n\t\t<div class=\"elementor-element elementor-element-tfmhygo e-flex e-con-boxed e-con e-parent\" data-id=\"tfmhygo\" data-element_type=\"container\" data-e-type=\"container\" data-settings=\"{&quot;background_background&quot;:&quot;classic&quot;}\">\n\t\t\t\t\t<div class=\"e-con-inner\">\n\t\t<div class=\"elementor-element elementor-element-ad2a952 e-con-full e-flex e-con e-child\" data-id=\"ad2a952\" data-element_type=\"container\" data-e-type=\"container\">\n\t\t<div class=\"elementor-element elementor-element-780040e e-con-full e-flex e-con e-child\" data-id=\"780040e\" data-element_type=\"container\" data-e-type=\"container\">\n\t\t<div class=\"elementor-element elementor-element-aa5ff3c e-con-full e-flex e-con e-child\" data-id=\"aa5ff3c\" data-element_type=\"container\" data-e-type=\"container\">\n\t\t\t\t<div class=\"elementor-element elementor-element-31f9b66 elementor-widget elementor-widget-heading\" data-id=\"31f9b66\" data-element_type=\"widget\" data-e-type=\"widget\" data-widget_type=\"heading.default\">\n\t\t\t\t\t<h4 class=\"elementor-heading-title elementor-size-default\">POL\u00cdTICA DE CALIDAD\n<\/h4>\t\t\t\t<\/div>\n\t\t\t\t<div class=\"elementor-element elementor-element-bffdd94 elementor-widget elementor-widget-text-editor\" data-id=\"bffdd94\" data-element_type=\"widget\" data-e-type=\"widget\" data-widget_type=\"text-editor.default\">\n\t\t\t\t\t\t\t\t\t<p>Nuestro compromiso como colegio franciscano de Colombia es satisfacer las necesidades y expectativas de la comunidad educativa, mediante la mejora continua en la formaci\u00f3n en valores, la calidad acad\u00e9mica, el fortalecimiento en lenguas extranjeras, la competencia del talento humano, los recursos f\u00edsicos y financieros.<\/p>\t\t\t\t\t\t\t\t<\/div>\n\t\t\t\t<\/div>\n\t\t\t\t<\/div>\n\t\t\t\t<\/div>\n\t\t\t\t\t<\/div>\n\t\t\t\t<\/div>\n\t\t<div class=\"elementor-element elementor-element-1711aa1 e-flex e-con-boxed e-con e-parent\" data-id=\"1711aa1\" data-element_type=\"container\" data-e-type=\"container\">\n\t\t\t\t\t<div class=\"e-con-inner\">\n\t\t<div class=\"elementor-element elementor-element-5b860e3 e-con-full e-flex e-con e-child\" data-id=\"5b860e3\" data-element_type=\"container\" data-e-type=\"container\">\n\t\t<div class=\"elementor-element elementor-element-d2a24b3 e-con-full e-flex e-con e-child\" data-id=\"d2a24b3\" data-element_type=\"container\" data-e-type=\"container\">\n\t\t<div class=\"elementor-element elementor-element-bfe56c4 e-con-full e-flex e-con e-child\" data-id=\"bfe56c4\" data-element_type=\"container\" data-e-type=\"container\">\n\t\t\t\t<div class=\"elementor-element elementor-element-7756623 elementor-widget elementor-widget-heading\" data-id=\"7756623\" data-element_type=\"widget\" data-e-type=\"widget\" data-widget_type=\"heading.default\">\n\t\t\t\t\t<h4 class=\"elementor-heading-title elementor-size-default\">OBJETIVOS DE CALIDAD<\/h4>\t\t\t\t<\/div>\n\t\t\t\t<div class=\"elementor-element elementor-element-59501d2 elementor-widget elementor-widget-spacer\" data-id=\"59501d2\" data-element_type=\"widget\" data-e-type=\"widget\" data-widget_type=\"spacer.default\">\n\t\t\t\t\t\t\t<div class=\"elementor-spacer\">\n\t\t\t<div class=\"elementor-spacer-inner\"><\/div>\n\t\t<\/div>\n\t\t\t\t\t\t<\/div>\n\t\t\t\t<div class=\"elementor-element elementor-element-c431efd elementor-icon-list--layout-traditional elementor-list-item-link-full_width elementor-widget elementor-widget-icon-list\" data-id=\"c431efd\" data-element_type=\"widget\" data-e-type=\"widget\" data-widget_type=\"icon-list.default\">\n\t\t\t\t\t\t\t<ul class=\"elementor-icon-list-items\">\n\t\t\t\t\t\t\t<li class=\"elementor-icon-list-item\">\n\t\t\t\t\t\t\t\t\t\t\t<span class=\"elementor-icon-list-icon\">\n\t\t\t\t\t\t\t<svg aria-hidden=\"true\" class=\"e-font-icon-svg e-fas-circle\" viewBox=\"0 0 512 512\" xmlns=\"http:\/\/www.w3.org\/2000\/svg\"><path d=\"M256 8C119 8 8 119 8 256s111 248 248 248 248-111 248-248S393 8 256 8z\"><\/path><\/svg>\t\t\t\t\t\t<\/span>\n\t\t\t\t\t\t\t\t\t\t<span class=\"elementor-icon-list-text\">Garantizar un servicio educativo de alta calidad con un enfoque integral de la formaci\u00f3n.<\/span>\n\t\t\t\t\t\t\t\t\t<\/li>\n\t\t\t\t\t\t\t\t<li class=\"elementor-icon-list-item\">\n\t\t\t\t\t\t\t\t\t\t\t<span class=\"elementor-icon-list-icon\">\n\t\t\t\t\t\t\t<svg aria-hidden=\"true\" class=\"e-font-icon-svg e-fas-circle\" viewBox=\"0 0 512 512\" xmlns=\"http:\/\/www.w3.org\/2000\/svg\"><path d=\"M256 8C119 8 8 119 8 256s111 248 248 248 248-111 248-248S393 8 256 8z\"><\/path><\/svg>\t\t\t\t\t\t<\/span>\n\t\t\t\t\t\t\t\t\t\t<span class=\"elementor-icon-list-text\">Fortalecer las competencias del talento humano permitiendo el desarrollo eficiente de la labor.<\/span>\n\t\t\t\t\t\t\t\t\t<\/li>\n\t\t\t\t\t\t\t\t<li class=\"elementor-icon-list-item\">\n\t\t\t\t\t\t\t\t\t\t\t<span class=\"elementor-icon-list-icon\">\n\t\t\t\t\t\t\t<svg aria-hidden=\"true\" class=\"e-font-icon-svg e-fas-circle\" viewBox=\"0 0 512 512\" xmlns=\"http:\/\/www.w3.org\/2000\/svg\"><path d=\"M256 8C119 8 8 119 8 256s111 248 248 248 248-111 248-248S393 8 256 8z\"><\/path><\/svg>\t\t\t\t\t\t<\/span>\n\t\t\t\t\t\t\t\t\t\t<span class=\"elementor-icon-list-text\">Promover una cultura organizacional que asegure el bienestar integral de la comunidad educativa.<\/span>\n\t\t\t\t\t\t\t\t\t<\/li>\n\t\t\t\t\t\t\t\t<li class=\"elementor-icon-list-item\">\n\t\t\t\t\t\t\t\t\t\t\t<span class=\"elementor-icon-list-icon\">\n\t\t\t\t\t\t\t<svg aria-hidden=\"true\" class=\"e-font-icon-svg e-fas-circle\" viewBox=\"0 0 512 512\" xmlns=\"http:\/\/www.w3.org\/2000\/svg\"><path d=\"M256 8C119 8 8 119 8 256s111 248 248 248 248-111 248-248S393 8 256 8z\"><\/path><\/svg>\t\t\t\t\t\t<\/span>\n\t\t\t\t\t\t\t\t\t\t<span class=\"elementor-icon-list-text\">Proveer y optimizar los recursos financieros y f\u00edsicos necesarios para apoyar la prestaci\u00f3n del servicio educativo franciscano.<\/span>\n\t\t\t\t\t\t\t\t\t<\/li>\n\t\t\t\t\t\t<\/ul>\n\t\t\t\t\t\t<\/div>\n\t\t\t\t<\/div>\n\t\t<div class=\"elementor-element elementor-element-f0c5ecd e-con-full e-flex e-con e-child\" data-id=\"f0c5ecd\" data-element_type=\"container\" data-e-type=\"container\">\n\t\t\t\t<div class=\"elementor-element elementor-element-c36fa1e elementor-widget elementor-widget-heading\" data-id=\"c36fa1e\" data-element_type=\"widget\" data-e-type=\"widget\" data-widget_type=\"heading.default\">\n\t\t\t\t\t<h4 class=\"elementor-heading-title elementor-size-default\">MAPA DE PROCESOS<\/h4>\t\t\t\t<\/div>\n\t\t\t\t<div class=\"elementor-element elementor-element-71db3c8 elementor-widget elementor-widget-image\" data-id=\"71db3c8\" data-element_type=\"widget\" data-e-type=\"widget\" data-widget_type=\"image.default\">\n\t\t\t\t\t\t\t\t\t\t\t\t\t\t\t\t<a href=\"https:\/\/novawebmaster.com\/colvirreysolis\/wp-content\/uploads\/2026\/04\/WhatsApp-Image-2026-04-10-at-13.19.59.jpeg\" data-elementor-open-lightbox=\"yes\" data-e-action-hash=\"#elementor-action%3Aaction%3Dlightbox%26settings%3DeyJpZCI6Mzg2NiwidXJsIjoiaHR0cHM6XC9cL25vdmF3ZWJtYXN0ZXIuY29tXC9jb2x2aXJyZXlzb2xpc1wvd3AtY29udGVudFwvdXBsb2Fkc1wvMjAyNlwvMDRcL1doYXRzQXBwLUltYWdlLTIwMjYtMDQtMTAtYXQtMTMuMTkuNTkuanBlZyJ9\">\n\t\t\t\t\t\t\t<img fetchpriority=\"high\" decoding=\"async\" width=\"1066\" height=\"1600\" src=\"https:\/\/novawebmaster.com\/colvirreysolis\/wp-content\/uploads\/2026\/04\/WhatsApp-Image-2026-04-10-at-13.19.59.jpeg\" class=\"attachment-full size-full wp-image-3866\" alt=\"\" srcset=\"https:\/\/novawebmaster.com\/colvirreysolis\/wp-content\/uploads\/2026\/04\/WhatsApp-Image-2026-04-10-at-13.19.59.jpeg 1066w, https:\/\/novawebmaster.com\/colvirreysolis\/wp-content\/uploads\/2026\/04\/WhatsApp-Image-2026-04-10-at-13.19.59-200x300.jpeg 200w, https:\/\/novawebmaster.com\/colvirreysolis\/wp-content\/uploads\/2026\/04\/WhatsApp-Image-2026-04-10-at-13.19.59-682x1024.jpeg 682w, https:\/\/novawebmaster.com\/colvirreysolis\/wp-content\/uploads\/2026\/04\/WhatsApp-Image-2026-04-10-at-13.19.59-768x1153.jpeg 768w, https:\/\/novawebmaster.com\/colvirreysolis\/wp-content\/uploads\/2026\/04\/WhatsApp-Image-2026-04-10-at-13.19.59-1023x1536.jpeg 1023w\" sizes=\"(max-width: 1066px) 100vw, 1066px\" \/>\t\t\t\t\t\t\t\t<\/a>\n\t\t\t\t\t\t\t\t\t\t\t\t\t\t\t<\/div>\n\t\t\t\t<\/div>\n\t\t\t\t<\/div>\n\t\t\t\t<\/div>\n\t\t\t\t\t<\/div>\n\t\t\t\t<\/div>\n\t\t\t\t<\/div>\n\t\t","protected":false},"excerpt":{"rendered":"<p>Sistema de Gesti\u00f3n de Calidad POL\u00cdTICA DE CALIDAD Nuestro compromiso como colegio franciscano de Colombia es satisfacer las necesidades y expectativas de la comunidad educativa, mediante la mejora continua en la formaci\u00f3n en valores, la calidad acad\u00e9mica, el fortalecimiento en lenguas extranjeras, la competencia del talento humano, los recursos f\u00edsicos y financieros. OBJETIVOS DE CALIDAD [&hellip;]<\/p>\n","protected":false},"author":1,"featured_media":0,"parent":0,"menu_order":0,"comment_status":"closed","ping_status":"closed","template":"","meta":{"site-sidebar-layout":"no-sidebar","site-content-layout":"page-builder","ast-site-content-layout":"full-width-container","site-content-style":"default","site-sidebar-style":"default","ast-global-header-display":"","ast-banner-title-visibility":"","ast-main-header-display":"","ast-hfb-above-header-display":"","ast-hfb-below-header-display":"","ast-hfb-mobile-header-display":"","site-post-title":"disabled","ast-breadcrumbs-content":"","ast-featured-img":"disabled","footer-sml-layout":"","ast-disable-related-posts":"","theme-transparent-header-meta":"default","adv-header-id-meta":"","stick-header-meta":"default","header-above-stick-meta":"","header-main-stick-meta":"","header-below-stick-meta":"","astra-migrate-meta-layouts":"set","ast-page-background-enabled":"default","ast-page-background-meta":{"desktop":{"background-color":"","background-image":"","background-repeat":"repeat","background-position":"center center","background-size":"auto","background-attachment":"scroll","background-type":"","background-media":"","overlay-type":"","overlay-color":"","overlay-opacity":"","overlay-gradient":""},"tablet":{"background-color":"","background-image":"","background-repeat":"repeat","background-position":"center center","background-size":"auto","background-attachment":"scroll","background-type":"","background-media":"","overlay-type":"","overlay-color":"","overlay-opacity":"","overlay-gradient":""},"mobile":{"background-color":"","background-image":"","background-repeat":"repeat","background-position":"center center","background-size":"auto","background-attachment":"scroll","background-type":"","background-media":"","overlay-type":"","overlay-color":"","overlay-opacity":"","overlay-gradient":""}},"ast-content-background-meta":{"desktop":{"background-color":"var(--ast-global-color-5)","background-image":"","background-repeat":"repeat","background-position":"center center","background-size":"auto","background-attachment":"scroll","background-type":"","background-media":"","overlay-type":"","overlay-color":"","overlay-opacity":"","overlay-gradient":""},"tablet":{"background-color":"var(--ast-global-color-5)","background-image":"","background-repeat":"repeat","background-position":"center center","background-size":"auto","background-attachment":"scroll","background-type":"","background-media":"","overlay-type":"","overlay-color":"","overlay-opacity":"","overlay-gradient":""},"mobile":{"background-color":"var(--ast-global-color-5)","background-image":"","background-repeat":"repeat","background-position":"center center","background-size":"auto","background-attachment":"scroll","background-type":"","background-media":"","overlay-type":"","overlay-color":"","overlay-opacity":"","overlay-gradient":""}},"_joinchat":[],"footnotes":""},"class_list":["post-1363","page","type-page","status-publish","hentry"],"_links":{"self":[{"href":"https:\/\/novawebmaster.com\/colvirreysolis\/wp-json\/wp\/v2\/pages\/1363","targetHints":{"allow":["GET"]}}],"collection":[{"href":"https:\/\/novawebmaster.com\/colvirreysolis\/wp-json\/wp\/v2\/pages"}],"about":[{"href":"https:\/\/novawebmaster.com\/colvirreysolis\/wp-json\/wp\/v2\/types\/page"}],"author":[{"embeddable":true,"href":"https:\/\/novawebmaster.com\/colvirreysolis\/wp-json\/wp\/v2\/users\/1"}],"replies":[{"embeddable":true,"href":"https:\/\/novawebmaster.com\/colvirreysolis\/wp-json\/wp\/v2\/comments?post=1363"}],"version-history":[{"count":13,"href":"https:\/\/novawebmaster.com\/colvirreysolis\/wp-json\/wp\/v2\/pages\/1363\/revisions"}],"predecessor-version":[{"id":3869,"href":"https:\/\/novawebmaster.com\/colvirreysolis\/wp-json\/wp\/v2\/pages\/1363\/revisions\/3869"}],"wp:attachment":[{"href":"https:\/\/novawebmaster.com\/colvirreysolis\/wp-json\/wp\/v2\/media?parent=1363"}],"curies":[{"name":"wp","href":"https:\/\/api.w.org\/{rel}","templated":true}]}}