{"id":1559,"date":"2026-01-22T03:56:29","date_gmt":"2026-01-22T03:56:29","guid":{"rendered":"https:\/\/novawebmaster.com\/colvirreysolis\/?page_id=1559"},"modified":"2026-04-10T22:22:39","modified_gmt":"2026-04-10T22:22:39","slug":"matriculas","status":"publish","type":"page","link":"https:\/\/novawebmaster.com\/colvirreysolis\/matriculas\/","title":{"rendered":"Matr\u00edculas"},"content":{"rendered":"\t\t<div data-elementor-type=\"wp-page\" data-elementor-id=\"1559\" class=\"elementor elementor-1559\" data-elementor-post-type=\"page\">\n\t\t\t\t<div class=\"elementor-element elementor-element-9r5t3x6 e-con-full e-flex e-con e-parent\" data-id=\"9r5t3x6\" data-element_type=\"container\" data-e-type=\"container\" data-settings=\"{&quot;background_background&quot;:&quot;classic&quot;}\">\n\t\t\t\t<div class=\"elementor-element elementor-element-5810600 elementor-widget elementor-widget-heading\" data-id=\"5810600\" data-element_type=\"widget\" data-e-type=\"widget\" data-widget_type=\"heading.default\">\n\t\t\t\t\t<h1 class=\"elementor-heading-title elementor-size-default\">Matr\u00edculas<\/h1>\t\t\t\t<\/div>\n\t\t\t\t<\/div>\n\t\t<div class=\"elementor-element elementor-element-0910b83 e-con-full e-flex e-con e-parent\" data-id=\"0910b83\" data-element_type=\"container\" data-e-type=\"container\">\n\t\t<div class=\"elementor-element elementor-element-42f3789 e-flex e-con-boxed e-con e-child\" data-id=\"42f3789\" data-element_type=\"container\" data-e-type=\"container\">\n\t\t\t\t\t<div class=\"e-con-inner\">\n\t\t\t\t<div class=\"elementor-element elementor-element-0f2cfdb elementor-widget elementor-widget-video\" data-id=\"0f2cfdb\" data-element_type=\"widget\" data-e-type=\"widget\" data-settings=\"{&quot;video_type&quot;:&quot;hosted&quot;,&quot;controls&quot;:&quot;yes&quot;}\" data-widget_type=\"video.default\">\n\t\t\t\t\t\t\t<div class=\"e-hosted-video elementor-wrapper elementor-open-inline\">\n\t\t\t\t\t<video class=\"elementor-video\" src=\"https:\/\/novawebmaster.com\/colvirreysolis\/wp-content\/uploads\/2026\/04\/Regreso-a-Clases.mp4\" controls=\"\" preload=\"metadata\" controlsList=\"nodownload\"><\/video>\n\t\t\t\t<\/div>\n\t\t\t\t\t\t<\/div>\n\t\t\t\t\t<\/div>\n\t\t\t\t<\/div>\n\t\t\t\t<\/div>\n\t\t<div class=\"elementor-element elementor-element-2e121b3 e-con-full e-flex e-con e-parent\" data-id=\"2e121b3\" data-element_type=\"container\" data-e-type=\"container\">\n\t\t<div class=\"elementor-element elementor-element-54a7ab7 e-flex e-con-boxed e-con e-child\" data-id=\"54a7ab7\" data-element_type=\"container\" data-e-type=\"container\">\n\t\t\t\t\t<div class=\"e-con-inner\">\n\t\t<div class=\"elementor-element elementor-element-668bc9c e-con-full e-flex e-con e-child\" data-id=\"668bc9c\" data-element_type=\"container\" data-e-type=\"container\">\n\t\t<div class=\"elementor-element elementor-element-934228d e-con-full e-flex e-con e-child\" data-id=\"934228d\" data-element_type=\"container\" data-e-type=\"container\" data-settings=\"{&quot;background_background&quot;:&quot;classic&quot;}\">\n\t\t\t\t<div class=\"elementor-element elementor-element-0d1cd40 elementor-widget elementor-widget-text-editor\" data-id=\"0d1cd40\" data-element_type=\"widget\" data-e-type=\"widget\" data-widget_type=\"text-editor.default\">\n\t\t\t\t\t\t\t\t\t<p>La matr\u00edcula es el contrato civil entre los padres de familia y el Colegio Franciscano del Virrey Sol\u00eds de Bucaramanga, mediante el cual el estudiante y sus padres o acudientes aceptan, formalizan y se vinculan al servicio educativo que ofrece la instituci\u00f3n. En esta relaci\u00f3n, el colegio se compromete y da prioridad a la oferta de una educaci\u00f3n integral de calidad, acorde a los fines de la educaci\u00f3n colombiana.<\/p><p>Al formalizar dicho contrato, tanto el estudiante como su familia aceptan seria, responsable y consecuentemente la filosof\u00eda institucional, el Proyecto Educativo Institucional (PEI) y el Manual de Convivencia vigente.<\/p><p>No obstante, el aspirante que diligencie inoportunamente los requisitos acad\u00e9micos y falte a los compromisos financieros no podr\u00e1 matricularse.<\/p>\t\t\t\t\t\t\t\t<\/div>\n\t\t\t\t<\/div>\n\t\t<div class=\"elementor-element elementor-element-a0d9f1f e-con-full e-flex e-con e-child\" data-id=\"a0d9f1f\" data-element_type=\"container\" data-e-type=\"container\" data-settings=\"{&quot;background_background&quot;:&quot;classic&quot;}\">\n\t\t\t\t<div class=\"elementor-element elementor-element-d7041a0 elementor-widget elementor-widget-text-editor\" data-id=\"d7041a0\" data-element_type=\"widget\" data-e-type=\"widget\" data-widget_type=\"text-editor.default\">\n\t\t\t\t\t\t\t\t\t<p><strong>IMPORTANTE:<\/strong>&nbsp;Es requisito indispensable para la matricula alcanzar la totalidad de los desempe\u00f1os correspondientes en cada asignatura. El Colegio Franciscano del Virrey Sol\u00eds de Bucaramanga no se hace responsable de superaci\u00f3n de desempe\u00f1os Bajos, es decir, estudiantes con deudas acad\u00e9micas, con insuficiencias y\/o asignaturas pendientes por nivelar o recuperar.<\/p>\n<p><strong>NO SE RECIBEN MATRICULAS CON DOCUMENTACI\u00d3N Y\/O FIRMAS PENDIENTES.<\/strong><\/p>\t\t\t\t\t\t\t\t<\/div>\n\t\t\t\t<\/div>\n\t\t\t\t<\/div>\n\t\t<div class=\"elementor-element elementor-element-fdad1d7 e-con-full e-flex e-con e-child\" data-id=\"fdad1d7\" data-element_type=\"container\" data-e-type=\"container\" data-settings=\"{&quot;background_background&quot;:&quot;classic&quot;}\">\n\t\t\t\t<div class=\"elementor-element elementor-element-dbf76d4 elementor-widget elementor-widget-heading\" data-id=\"dbf76d4\" data-element_type=\"widget\" data-e-type=\"widget\" data-widget_type=\"heading.default\">\n\t\t\t\t\t<h4 class=\"elementor-heading-title elementor-size-default\">REQUISITOS PARA LA MATR\u00cdCULA\n<\/h4>\t\t\t\t<\/div>\n\t\t\t\t<div class=\"elementor-element elementor-element-6172039 elementor-icon-list--layout-traditional elementor-list-item-link-full_width elementor-widget elementor-widget-icon-list\" data-id=\"6172039\" data-element_type=\"widget\" data-e-type=\"widget\" data-widget_type=\"icon-list.default\">\n\t\t\t\t\t\t\t<ul class=\"elementor-icon-list-items\">\n\t\t\t\t\t\t\t<li class=\"elementor-icon-list-item\">\n\t\t\t\t\t\t\t\t\t\t\t<span class=\"elementor-icon-list-icon\">\n\t\t\t\t\t\t\t<svg aria-hidden=\"true\" class=\"e-font-icon-svg e-fas-circle\" viewBox=\"0 0 512 512\" xmlns=\"http:\/\/www.w3.org\/2000\/svg\"><path d=\"M256 8C119 8 8 119 8 256s111 248 248 248 248-111 248-248S393 8 256 8z\"><\/path><\/svg>\t\t\t\t\t\t<\/span>\n\t\t\t\t\t\t\t\t\t\t<span class=\"elementor-icon-list-text\">Asistir en la fecha se\u00f1alada para firmar el Contrato de matr\u00edcula, Pagar\u00e9 y Matr\u00edcula (padres, acudiente, deudores) junto con el estudiante.<\/span>\n\t\t\t\t\t\t\t\t\t<\/li>\n\t\t\t\t\t\t\t\t<li class=\"elementor-icon-list-item\">\n\t\t\t\t\t\t\t\t\t\t\t<span class=\"elementor-icon-list-icon\">\n\t\t\t\t\t\t\t<svg aria-hidden=\"true\" class=\"e-font-icon-svg e-fas-circle\" viewBox=\"0 0 512 512\" xmlns=\"http:\/\/www.w3.org\/2000\/svg\"><path d=\"M256 8C119 8 8 119 8 256s111 248 248 248 248-111 248-248S393 8 256 8z\"><\/path><\/svg>\t\t\t\t\t\t<\/span>\n\t\t\t\t\t\t\t\t\t\t<span class=\"elementor-icon-list-text\">Paz y salvo original del colegio de procedencia a noviembre del a\u00f1o en curso.<\/span>\n\t\t\t\t\t\t\t\t\t<\/li>\n\t\t\t\t\t\t\t\t<li class=\"elementor-icon-list-item\">\n\t\t\t\t\t\t\t\t\t\t\t<span class=\"elementor-icon-list-icon\">\n\t\t\t\t\t\t\t<svg aria-hidden=\"true\" class=\"e-font-icon-svg e-fas-circle\" viewBox=\"0 0 512 512\" xmlns=\"http:\/\/www.w3.org\/2000\/svg\"><path d=\"M256 8C119 8 8 119 8 256s111 248 248 248 248-111 248-248S393 8 256 8z\"><\/path><\/svg>\t\t\t\t\t\t<\/span>\n\t\t\t\t\t\t\t\t\t\t<span class=\"elementor-icon-list-text\">Certificado de notas original del a\u00f1o anterior.<\/span>\n\t\t\t\t\t\t\t\t\t<\/li>\n\t\t\t\t\t\t\t\t<li class=\"elementor-icon-list-item\">\n\t\t\t\t\t\t\t\t\t\t\t<span class=\"elementor-icon-list-icon\">\n\t\t\t\t\t\t\t<svg aria-hidden=\"true\" class=\"e-font-icon-svg e-fas-circle\" viewBox=\"0 0 512 512\" xmlns=\"http:\/\/www.w3.org\/2000\/svg\"><path d=\"M256 8C119 8 8 119 8 256s111 248 248 248 248-111 248-248S393 8 256 8z\"><\/path><\/svg>\t\t\t\t\t\t<\/span>\n\t\t\t\t\t\t\t\t\t\t<span class=\"elementor-icon-list-text\">Constancia de retiro del SIMAT.<\/span>\n\t\t\t\t\t\t\t\t\t<\/li>\n\t\t\t\t\t\t\t\t<li class=\"elementor-icon-list-item\">\n\t\t\t\t\t\t\t\t\t\t\t<span class=\"elementor-icon-list-icon\">\n\t\t\t\t\t\t\t<svg aria-hidden=\"true\" class=\"e-font-icon-svg e-fas-circle\" viewBox=\"0 0 512 512\" xmlns=\"http:\/\/www.w3.org\/2000\/svg\"><path d=\"M256 8C119 8 8 119 8 256s111 248 248 248 248-111 248-248S393 8 256 8z\"><\/path><\/svg>\t\t\t\t\t\t<\/span>\n\t\t\t\t\t\t\t\t\t\t<span class=\"elementor-icon-list-text\">Certificado de horas sociales para los grados 10\u00b0 y 11\u00b0.<\/span>\n\t\t\t\t\t\t\t\t\t<\/li>\n\t\t\t\t\t\t\t\t<li class=\"elementor-icon-list-item\">\n\t\t\t\t\t\t\t\t\t\t\t<span class=\"elementor-icon-list-icon\">\n\t\t\t\t\t\t\t<svg aria-hidden=\"true\" class=\"e-font-icon-svg e-fas-circle\" viewBox=\"0 0 512 512\" xmlns=\"http:\/\/www.w3.org\/2000\/svg\"><path d=\"M256 8C119 8 8 119 8 256s111 248 248 248 248-111 248-248S393 8 256 8z\"><\/path><\/svg>\t\t\t\t\t\t<\/span>\n\t\t\t\t\t\t\t\t\t\t<span class=\"elementor-icon-list-text\">Recibo de matr\u00edcula y transporte a la sede cancelados.<\/span>\n\t\t\t\t\t\t\t\t\t<\/li>\n\t\t\t\t\t\t\t\t<li class=\"elementor-icon-list-item\">\n\t\t\t\t\t\t\t\t\t\t\t<span class=\"elementor-icon-list-icon\">\n\t\t\t\t\t\t\t<svg aria-hidden=\"true\" class=\"e-font-icon-svg e-fas-circle\" viewBox=\"0 0 512 512\" xmlns=\"http:\/\/www.w3.org\/2000\/svg\"><path d=\"M256 8C119 8 8 119 8 256s111 248 248 248 248-111 248-248S393 8 256 8z\"><\/path><\/svg>\t\t\t\t\t\t<\/span>\n\t\t\t\t\t\t\t\t\t\t<span class=\"elementor-icon-list-text\">Fotocopia de las c\u00e9dulas de los padres o acudientes al 150%.<\/span>\n\t\t\t\t\t\t\t\t\t<\/li>\n\t\t\t\t\t\t\t\t<li class=\"elementor-icon-list-item\">\n\t\t\t\t\t\t\t\t\t\t\t<span class=\"elementor-icon-list-icon\">\n\t\t\t\t\t\t\t<svg aria-hidden=\"true\" class=\"e-font-icon-svg e-fas-circle\" viewBox=\"0 0 512 512\" xmlns=\"http:\/\/www.w3.org\/2000\/svg\"><path d=\"M256 8C119 8 8 119 8 256s111 248 248 248 248-111 248-248S393 8 256 8z\"><\/path><\/svg>\t\t\t\t\t\t<\/span>\n\t\t\t\t\t\t\t\t\t\t<span class=\"elementor-icon-list-text\">Certificado de ingresos para el caso de los empleados.<\/span>\n\t\t\t\t\t\t\t\t\t<\/li>\n\t\t\t\t\t\t\t\t<li class=\"elementor-icon-list-item\">\n\t\t\t\t\t\t\t\t\t\t\t<span class=\"elementor-icon-list-icon\">\n\t\t\t\t\t\t\t<svg aria-hidden=\"true\" class=\"e-font-icon-svg e-fas-circle\" viewBox=\"0 0 512 512\" xmlns=\"http:\/\/www.w3.org\/2000\/svg\"><path d=\"M256 8C119 8 8 119 8 256s111 248 248 248 248-111 248-248S393 8 256 8z\"><\/path><\/svg>\t\t\t\t\t\t<\/span>\n\t\t\t\t\t\t\t\t\t\t<span class=\"elementor-icon-list-text\">C\u00e1mara de comercio o RUT para el caso<\/span>\n\t\t\t\t\t\t\t\t\t<\/li>\n\t\t\t\t\t\t<\/ul>\n\t\t\t\t\t\t<\/div>\n\t\t\t\t<\/div>\n\t\t\t\t\t<\/div>\n\t\t\t\t<\/div>\n\t\t\t\t<\/div>\n\t\t<div class=\"elementor-element elementor-element-a888aa0 e-flex e-con-boxed e-con e-parent\" data-id=\"a888aa0\" data-element_type=\"container\" data-e-type=\"container\">\n\t\t\t\t\t<div class=\"e-con-inner\">\n\t\t<div class=\"elementor-element elementor-element-1cde0d8 e-flex e-con-boxed e-con e-child\" data-id=\"1cde0d8\" data-element_type=\"container\" data-e-type=\"container\">\n\t\t\t\t\t<div class=\"e-con-inner\">\n\t\t\t\t<div class=\"elementor-element elementor-element-565b60d gallery-spacing-custom elementor-widget elementor-widget-image-gallery\" data-id=\"565b60d\" data-element_type=\"widget\" data-e-type=\"widget\" data-widget_type=\"image-gallery.default\">\n\t\t\t\t\t\t\t<div class=\"elementor-image-gallery\">\n\t\t\t<div id='gallery-1' class='gallery galleryid-1559 gallery-columns-3 gallery-size-full'><figure class='gallery-item'>\n\t\t\t<div class='gallery-icon landscape'>\n\t\t\t\t<a data-elementor-open-lightbox=\"yes\" data-elementor-lightbox-slideshow=\"565b60d\" data-elementor-lightbox-title=\"MATRI\u0301CULAS 3\" data-e-action-hash=\"#elementor-action%3Aaction%3Dlightbox%26settings%3DeyJpZCI6MTU2NCwidXJsIjoiaHR0cHM6XC9cL25vdmF3ZWJtYXN0ZXIuY29tXC9jb2x2aXJyZXlzb2xpc1wvd3AtY29udGVudFwvdXBsb2Fkc1wvMjAyNlwvMDFcL01BVFJJQ1VMQVMtMy5wbmciLCJzbGlkZXNob3ciOiI1NjViNjBkIn0%3D\" href='https:\/\/novawebmaster.com\/colvirreysolis\/wp-content\/uploads\/2026\/01\/MATRICULAS-3.png'><img fetchpriority=\"high\" decoding=\"async\" width=\"1200\" height=\"675\" src=\"https:\/\/novawebmaster.com\/colvirreysolis\/wp-content\/uploads\/2026\/01\/MATRICULAS-3.png\" class=\"attachment-full size-full\" alt=\"\" srcset=\"https:\/\/novawebmaster.com\/colvirreysolis\/wp-content\/uploads\/2026\/01\/MATRICULAS-3.png 1200w, https:\/\/novawebmaster.com\/colvirreysolis\/wp-content\/uploads\/2026\/01\/MATRICULAS-3-300x169.png 300w, https:\/\/novawebmaster.com\/colvirreysolis\/wp-content\/uploads\/2026\/01\/MATRICULAS-3-1024x576.png 1024w, https:\/\/novawebmaster.com\/colvirreysolis\/wp-content\/uploads\/2026\/01\/MATRICULAS-3-768x432.png 768w, https:\/\/novawebmaster.com\/colvirreysolis\/wp-content\/uploads\/2026\/01\/MATRICULAS-3-600x338.png 600w\" sizes=\"(max-width: 1200px) 100vw, 1200px\" \/><\/a>\n\t\t\t<\/div><\/figure><figure class='gallery-item'>\n\t\t\t<div class='gallery-icon landscape'>\n\t\t\t\t<a data-elementor-open-lightbox=\"yes\" data-elementor-lightbox-slideshow=\"565b60d\" data-elementor-lightbox-title=\"MATRI\u0301CULAS 2\" data-e-action-hash=\"#elementor-action%3Aaction%3Dlightbox%26settings%3DeyJpZCI6MTU2MywidXJsIjoiaHR0cHM6XC9cL25vdmF3ZWJtYXN0ZXIuY29tXC9jb2x2aXJyZXlzb2xpc1wvd3AtY29udGVudFwvdXBsb2Fkc1wvMjAyNlwvMDFcL01BVFJJQ1VMQVMtMi5wbmciLCJzbGlkZXNob3ciOiI1NjViNjBkIn0%3D\" href='https:\/\/novawebmaster.com\/colvirreysolis\/wp-content\/uploads\/2026\/01\/MATRICULAS-2.png'><img decoding=\"async\" width=\"1200\" height=\"675\" src=\"https:\/\/novawebmaster.com\/colvirreysolis\/wp-content\/uploads\/2026\/01\/MATRICULAS-2.png\" class=\"attachment-full size-full\" alt=\"\" srcset=\"https:\/\/novawebmaster.com\/colvirreysolis\/wp-content\/uploads\/2026\/01\/MATRICULAS-2.png 1200w, https:\/\/novawebmaster.com\/colvirreysolis\/wp-content\/uploads\/2026\/01\/MATRICULAS-2-300x169.png 300w, https:\/\/novawebmaster.com\/colvirreysolis\/wp-content\/uploads\/2026\/01\/MATRICULAS-2-1024x576.png 1024w, https:\/\/novawebmaster.com\/colvirreysolis\/wp-content\/uploads\/2026\/01\/MATRICULAS-2-768x432.png 768w, https:\/\/novawebmaster.com\/colvirreysolis\/wp-content\/uploads\/2026\/01\/MATRICULAS-2-600x338.png 600w\" sizes=\"(max-width: 1200px) 100vw, 1200px\" \/><\/a>\n\t\t\t<\/div><\/figure><figure class='gallery-item'>\n\t\t\t<div class='gallery-icon landscape'>\n\t\t\t\t<a data-elementor-open-lightbox=\"yes\" data-elementor-lightbox-slideshow=\"565b60d\" data-elementor-lightbox-title=\"MATRI\u0301CULAS 1\" data-e-action-hash=\"#elementor-action%3Aaction%3Dlightbox%26settings%3DeyJpZCI6MTU2MiwidXJsIjoiaHR0cHM6XC9cL25vdmF3ZWJtYXN0ZXIuY29tXC9jb2x2aXJyZXlzb2xpc1wvd3AtY29udGVudFwvdXBsb2Fkc1wvMjAyNlwvMDFcL01BVFJJQ1VMQVMtMS5wbmciLCJzbGlkZXNob3ciOiI1NjViNjBkIn0%3D\" href='https:\/\/novawebmaster.com\/colvirreysolis\/wp-content\/uploads\/2026\/01\/MATRICULAS-1.png'><img decoding=\"async\" width=\"1200\" height=\"675\" src=\"https:\/\/novawebmaster.com\/colvirreysolis\/wp-content\/uploads\/2026\/01\/MATRICULAS-1.png\" class=\"attachment-full size-full\" alt=\"\" srcset=\"https:\/\/novawebmaster.com\/colvirreysolis\/wp-content\/uploads\/2026\/01\/MATRICULAS-1.png 1200w, https:\/\/novawebmaster.com\/colvirreysolis\/wp-content\/uploads\/2026\/01\/MATRICULAS-1-300x169.png 300w, https:\/\/novawebmaster.com\/colvirreysolis\/wp-content\/uploads\/2026\/01\/MATRICULAS-1-1024x576.png 1024w, https:\/\/novawebmaster.com\/colvirreysolis\/wp-content\/uploads\/2026\/01\/MATRICULAS-1-768x432.png 768w, https:\/\/novawebmaster.com\/colvirreysolis\/wp-content\/uploads\/2026\/01\/MATRICULAS-1-600x338.png 600w\" sizes=\"(max-width: 1200px) 100vw, 1200px\" \/><\/a>\n\t\t\t<\/div><\/figure>\n\t\t<\/div>\n\t\t<\/div>\n\t\t\t\t\t\t<\/div>\n\t\t\t\t\t<\/div>\n\t\t\t\t<\/div>\n\t\t\t\t\t<\/div>\n\t\t\t\t<\/div>\n\t\t<div class=\"elementor-element elementor-element-dd53a1c e-con-full e-flex e-con e-parent\" data-id=\"dd53a1c\" data-element_type=\"container\" data-e-type=\"container\">\n\t\t<div class=\"elementor-element elementor-element-8d14fd2 e-flex e-con-boxed e-con e-child\" data-id=\"8d14fd2\" data-element_type=\"container\" data-e-type=\"container\">\n\t\t\t\t\t<div class=\"e-con-inner\">\n\t\t<div class=\"elementor-element elementor-element-867153a e-con-full e-flex e-con e-child\" data-id=\"867153a\" data-element_type=\"container\" data-e-type=\"container\">\n\t\t<div class=\"elementor-element elementor-element-ebbcb9c e-con-full e-flex e-con e-child\" data-id=\"ebbcb9c\" data-element_type=\"container\" data-e-type=\"container\" data-settings=\"{&quot;background_background&quot;:&quot;classic&quot;}\">\n\t\t\t\t<div class=\"elementor-element elementor-element-597f926 elementor-widget elementor-widget-heading\" data-id=\"597f926\" data-element_type=\"widget\" data-e-type=\"widget\" data-widget_type=\"heading.default\">\n\t\t\t\t\t<h4 class=\"elementor-heading-title elementor-size-default\">PAGO DE MATRICULA\n\n<\/h4>\t\t\t\t<\/div>\n\t\t\t\t<div class=\"elementor-element elementor-element-19692b5 elementor-widget elementor-widget-text-editor\" data-id=\"19692b5\" data-element_type=\"widget\" data-e-type=\"widget\" data-widget_type=\"text-editor.default\">\n\t\t\t\t\t\t\t\t\t<p>Cada estudiante recibir\u00e1 el comprobante de pago de la matricula con el valor a cancelar, el cual deber\u00e1 ser presentado al momento de legalizar la matr\u00edcula.<\/p>\t\t\t\t\t\t\t\t<\/div>\n\t\t\t\t<\/div>\n\t\t<div class=\"elementor-element elementor-element-71663dc e-con-full e-flex e-con e-child\" data-id=\"71663dc\" data-element_type=\"container\" data-e-type=\"container\" data-settings=\"{&quot;background_background&quot;:&quot;classic&quot;}\">\n\t\t\t\t<div class=\"elementor-element elementor-element-b195466 elementor-widget elementor-widget-heading\" data-id=\"b195466\" data-element_type=\"widget\" data-e-type=\"widget\" data-widget_type=\"heading.default\">\n\t\t\t\t\t<h4 class=\"elementor-heading-title elementor-size-default\">REGISTRO\n<\/h4>\t\t\t\t<\/div>\n\t\t\t\t<div class=\"elementor-element elementor-element-b72b1ce elementor-widget elementor-widget-text-editor\" data-id=\"b72b1ce\" data-element_type=\"widget\" data-e-type=\"widget\" data-widget_type=\"text-editor.default\">\n\t\t\t\t\t\t\t\t\t<p>Es requisito indispensable que cada estudiante registre su matr\u00edcula en Secretar\u00eda General, adjuntando los documentos que el colegio requiere para su ingreso.<\/p>\t\t\t\t\t\t\t\t<\/div>\n\t\t\t\t<\/div>\n\t\t<div class=\"elementor-element elementor-element-9946cf4 e-con-full e-flex e-con e-child\" data-id=\"9946cf4\" data-element_type=\"container\" data-e-type=\"container\" data-settings=\"{&quot;background_background&quot;:&quot;classic&quot;}\">\n\t\t\t\t<div class=\"elementor-element elementor-element-17e2c7d elementor-widget elementor-widget-heading\" data-id=\"17e2c7d\" data-element_type=\"widget\" data-e-type=\"widget\" data-widget_type=\"heading.default\">\n\t\t\t\t\t<h4 class=\"elementor-heading-title elementor-size-default\">CONTACTO\n<\/h4>\t\t\t\t<\/div>\n\t\t\t\t<div class=\"elementor-element elementor-element-b8b0886 elementor-widget elementor-widget-text-editor\" data-id=\"b8b0886\" data-element_type=\"widget\" data-e-type=\"widget\" data-widget_type=\"text-editor.default\">\n\t\t\t\t\t\t\t\t\t<p><strong>Horario de atenci\u00f3n al p\u00fablico:<\/strong>\u00a0<em><strong>lunes a jueves: 6:30 a.m. a 12:00 m<\/strong><\/em>. &#8211;\u00a0<em><strong>1:30 p.m. a 4:00 p.m. viernes 6:30 a.m. a 1:00 p.m.<\/strong><\/em><\/p><p>Para mayor informaci\u00f3n no dude en comunicarse<\/p><ul><li>Correo<em><strong> admisiones@colvirreysolis.edu.co\u00a0<\/strong><\/em><\/li><li>Tel\u00e9fono <strong><em>3182494264 &#8211; (607)6340043 ext 101-114<\/em>.<\/strong><\/li><\/ul><p>Realizar la inscripci\u00f3n no garantiza la admisi\u00f3n del estudiante al colegio.<\/p>\t\t\t\t\t\t\t\t<\/div>\n\t\t\t\t<\/div>\n\t\t\t\t<\/div>\n\t\t\t\t\t<\/div>\n\t\t\t\t<\/div>\n\t\t\t\t<\/div>\n\t\t\t\t<\/div>\n\t\t","protected":false},"excerpt":{"rendered":"<p>Matr\u00edculas https:\/\/novawebmaster.com\/colvirreysolis\/wp-content\/uploads\/2026\/04\/Regreso-a-Clases.mp4 La matr\u00edcula es el contrato civil entre los padres de familia y el Colegio Franciscano del Virrey Sol\u00eds de Bucaramanga, mediante el cual el estudiante y sus padres o acudientes aceptan, formalizan y se vinculan al servicio educativo que ofrece la instituci\u00f3n. En esta relaci\u00f3n, el colegio se compromete y da prioridad a [&hellip;]<\/p>\n","protected":false},"author":1,"featured_media":0,"parent":0,"menu_order":0,"comment_status":"closed","ping_status":"closed","template":"","meta":{"site-sidebar-layout":"no-sidebar","site-content-layout":"page-builder","ast-site-content-layout":"full-width-container","site-content-style":"default","site-sidebar-style":"default","ast-global-header-display":"","ast-banner-title-visibility":"","ast-main-header-display":"","ast-hfb-above-header-display":"","ast-hfb-below-header-display":"","ast-hfb-mobile-header-display":"","site-post-title":"disabled","ast-breadcrumbs-content":"","ast-featured-img":"disabled","footer-sml-layout":"","ast-disable-related-posts":"","theme-transparent-header-meta":"default","adv-header-id-meta":"","stick-header-meta":"default","header-above-stick-meta":"","header-main-stick-meta":"","header-below-stick-meta":"","astra-migrate-meta-layouts":"set","ast-page-background-enabled":"default","ast-page-background-meta":{"desktop":{"background-color":"","background-image":"","background-repeat":"repeat","background-position":"center center","background-size":"auto","background-attachment":"scroll","background-type":"","background-media":"","overlay-type":"","overlay-color":"","overlay-opacity":"","overlay-gradient":""},"tablet":{"background-color":"","background-image":"","background-repeat":"repeat","background-position":"center center","background-size":"auto","background-attachment":"scroll","background-type":"","background-media":"","overlay-type":"","overlay-color":"","overlay-opacity":"","overlay-gradient":""},"mobile":{"background-color":"","background-image":"","background-repeat":"repeat","background-position":"center center","background-size":"auto","background-attachment":"scroll","background-type":"","background-media":"","overlay-type":"","overlay-color":"","overlay-opacity":"","overlay-gradient":""}},"ast-content-background-meta":{"desktop":{"background-color":"var(--ast-global-color-5)","background-image":"","background-repeat":"repeat","background-position":"center center","background-size":"auto","background-attachment":"scroll","background-type":"","background-media":"","overlay-type":"","overlay-color":"","overlay-opacity":"","overlay-gradient":""},"tablet":{"background-color":"var(--ast-global-color-5)","background-image":"","background-repeat":"repeat","background-position":"center center","background-size":"auto","background-attachment":"scroll","background-type":"","background-media":"","overlay-type":"","overlay-color":"","overlay-opacity":"","overlay-gradient":""},"mobile":{"background-color":"var(--ast-global-color-5)","background-image":"","background-repeat":"repeat","background-position":"center center","background-size":"auto","background-attachment":"scroll","background-type":"","background-media":"","overlay-type":"","overlay-color":"","overlay-opacity":"","overlay-gradient":""}},"_joinchat":[],"footnotes":""},"class_list":["post-1559","page","type-page","status-publish","hentry"],"_links":{"self":[{"href":"https:\/\/novawebmaster.com\/colvirreysolis\/wp-json\/wp\/v2\/pages\/1559","targetHints":{"allow":["GET"]}}],"collection":[{"href":"https:\/\/novawebmaster.com\/colvirreysolis\/wp-json\/wp\/v2\/pages"}],"about":[{"href":"https:\/\/novawebmaster.com\/colvirreysolis\/wp-json\/wp\/v2\/types\/page"}],"author":[{"embeddable":true,"href":"https:\/\/novawebmaster.com\/colvirreysolis\/wp-json\/wp\/v2\/users\/1"}],"replies":[{"embeddable":true,"href":"https:\/\/novawebmaster.com\/colvirreysolis\/wp-json\/wp\/v2\/comments?post=1559"}],"version-history":[{"count":31,"href":"https:\/\/novawebmaster.com\/colvirreysolis\/wp-json\/wp\/v2\/pages\/1559\/revisions"}],"predecessor-version":[{"id":3861,"href":"https:\/\/novawebmaster.com\/colvirreysolis\/wp-json\/wp\/v2\/pages\/1559\/revisions\/3861"}],"wp:attachment":[{"href":"https:\/\/novawebmaster.com\/colvirreysolis\/wp-json\/wp\/v2\/media?parent=1559"}],"curies":[{"name":"wp","href":"https:\/\/api.w.org\/{rel}","templated":true}]}}