{"id":24,"date":"2025-10-25T17:11:41","date_gmt":"2025-10-25T17:11:41","guid":{"rendered":"https:\/\/novawebmaster.com\/colvirreysolis\/contact\/"},"modified":"2026-04-10T22:27:34","modified_gmt":"2026-04-10T22:27:34","slug":"contacto","status":"publish","type":"page","link":"https:\/\/novawebmaster.com\/colvirreysolis\/contacto\/","title":{"rendered":"Contacto"},"content":{"rendered":"\t\t<div data-elementor-type=\"wp-post\" data-elementor-id=\"24\" class=\"elementor elementor-24\" data-elementor-post-type=\"page\">\n\t\t\t\t<div class=\"elementor-element elementor-element-c778009 e-con-full e-flex e-con e-parent\" data-id=\"c778009\" data-element_type=\"container\" data-e-type=\"container\" data-settings=\"{&quot;background_background&quot;:&quot;classic&quot;}\">\n\t\t\t\t<div class=\"elementor-element elementor-element-655b568d elementor-widget elementor-widget-heading\" data-id=\"655b568d\" data-element_type=\"widget\" data-e-type=\"widget\" data-widget_type=\"heading.default\">\n\t\t\t\t\t<h1 class=\"elementor-heading-title elementor-size-default\">Contacto<\/h1>\t\t\t\t<\/div>\n\t\t\t\t<\/div>\n\t\t<div class=\"elementor-element elementor-element-a09c8bd e-flex e-con-boxed e-con e-parent\" data-id=\"a09c8bd\" data-element_type=\"container\" data-e-type=\"container\" data-settings=\"{&quot;background_background&quot;:&quot;classic&quot;}\">\n\t\t\t\t\t<div class=\"e-con-inner\">\n\t\t<div class=\"elementor-element elementor-element-51e5ae6 e-flex e-con-boxed e-con e-child\" data-id=\"51e5ae6\" data-element_type=\"container\" data-e-type=\"container\">\n\t\t\t\t\t<div class=\"e-con-inner\">\n\t\t<div class=\"elementor-element elementor-element-03e4dc8 e-con-full e-flex e-con e-child\" data-id=\"03e4dc8\" data-element_type=\"container\" data-e-type=\"container\">\n\t\t\t\t<div class=\"elementor-element elementor-element-e7ac86e elementor-widget elementor-widget-heading\" data-id=\"e7ac86e\" data-element_type=\"widget\" data-e-type=\"widget\" data-widget_type=\"heading.default\">\n\t\t\t\t\t<h3 class=\"elementor-heading-title elementor-size-default\">L\u00edneas de Atenci\u00f3n al P\u00fablico <\/h3>\t\t\t\t<\/div>\n\t\t\t\t<\/div>\n\t\t<div class=\"elementor-element elementor-element-0345ff5 e-con-full e-flex e-con e-child\" data-id=\"0345ff5\" data-element_type=\"container\" data-e-type=\"container\">\n\t\t\t\t<div class=\"elementor-element elementor-element-ba814ea elementor-widget elementor-widget-image\" data-id=\"ba814ea\" data-element_type=\"widget\" data-e-type=\"widget\" data-widget_type=\"image.default\">\n\t\t\t\t\t\t\t\t\t\t\t\t\t\t\t<img fetchpriority=\"high\" decoding=\"async\" width=\"1024\" height=\"1024\" src=\"https:\/\/novawebmaster.com\/colvirreysolis\/wp-content\/uploads\/2026\/04\/WhatsApp-Image-2026-04-10-at-13.17.59-1024x1024.jpeg\" class=\"attachment-large size-large wp-image-3862\" alt=\"\" srcset=\"https:\/\/novawebmaster.com\/colvirreysolis\/wp-content\/uploads\/2026\/04\/WhatsApp-Image-2026-04-10-at-13.17.59-1024x1024.jpeg 1024w, https:\/\/novawebmaster.com\/colvirreysolis\/wp-content\/uploads\/2026\/04\/WhatsApp-Image-2026-04-10-at-13.17.59-300x300.jpeg 300w, https:\/\/novawebmaster.com\/colvirreysolis\/wp-content\/uploads\/2026\/04\/WhatsApp-Image-2026-04-10-at-13.17.59-150x150.jpeg 150w, https:\/\/novawebmaster.com\/colvirreysolis\/wp-content\/uploads\/2026\/04\/WhatsApp-Image-2026-04-10-at-13.17.59-768x768.jpeg 768w, https:\/\/novawebmaster.com\/colvirreysolis\/wp-content\/uploads\/2026\/04\/WhatsApp-Image-2026-04-10-at-13.17.59-1536x1536.jpeg 1536w, https:\/\/novawebmaster.com\/colvirreysolis\/wp-content\/uploads\/2026\/04\/WhatsApp-Image-2026-04-10-at-13.17.59.jpeg 1563w\" sizes=\"(max-width: 1024px) 100vw, 1024px\" \/>\t\t\t\t\t\t\t\t\t\t\t\t\t\t\t<\/div>\n\t\t\t\t<\/div>\n\t\t\t\t\t<\/div>\n\t\t\t\t<\/div>\n\t\t<div class=\"elementor-element elementor-element-bc44d06 e-flex e-con-boxed e-con e-child\" data-id=\"bc44d06\" data-element_type=\"container\" data-e-type=\"container\" data-settings=\"{&quot;background_background&quot;:&quot;classic&quot;}\">\n\t\t\t\t\t<div class=\"e-con-inner\">\n\t\t<div class=\"elementor-element elementor-element-96d498f e-flex e-con-boxed e-con e-child\" data-id=\"96d498f\" data-element_type=\"container\" data-e-type=\"container\">\n\t\t\t\t\t<div class=\"e-con-inner\">\n\t\t\t\t<div class=\"elementor-element elementor-element-b6494c2 elementor-widget elementor-widget-text-editor\" data-id=\"b6494c2\" data-element_type=\"widget\" data-e-type=\"widget\" data-widget_type=\"text-editor.default\">\n\t\t\t\t\t\t\t\t\t<table dir=\"ltr\" border=\"1\" cellspacing=\"0\" cellpadding=\"0\" data-sheets-root=\"1\" data-sheets-baot=\"1\"><colgroup> <col width=\"304\" \/> <col width=\"100\" \/> <col width=\"405\" \/><\/colgroup>\n<tbody>\n<tr>\n<td style=\"width: 127.5px;\">Rectoria<\/td>\n<td style=\"width: 96.5469px;\"><\/td>\n<td style=\"width: 441.898px;\"><a href=\"mailto:rectoria@colvirreysolis.edu.co\">rectoria@colvirreysolis.edu.co<\/a><\/td>\n<\/tr>\n<tr>\n<td style=\"width: 127.5px;\">Secretaria General<\/td>\n<td style=\"width: 96.5469px;\"><a href=\"tel:+573182819147\">318 2819147<\/a><\/td>\n<td style=\"width: 441.898px;\"><a href=\"mailto:secretaria@colvirreysolis.edu.co\">secretaria@colvirreysolis.edu.co<\/a><\/td>\n<\/tr>\n<tr>\n<td style=\"width: 127.5px;\">Admisiones<\/td>\n<td style=\"width: 96.5469px;\"><a href=\"tel:+573182494264\">318 2494264<\/a><\/td>\n<td style=\"width: 441.898px;\"><a href=\"mailto:admisiones@colvirreysolis.edu.co\">adminsiones@colvirreysolis.edu.co<\/a><\/td>\n<\/tr>\n<tr>\n<td style=\"width: 127.5px;\">Cartera<\/td>\n<td style=\"width: 96.5469px;\"><a href=\"tel:+573176607200\">317 6607200<\/a><\/td>\n<td style=\"width: 441.898px;\"><a href=\"mailto:analistacartera@colvirreysolis.edu.co\">analistacartera@colvirreysolis.edu.co<\/a><\/td>\n<\/tr>\n<tr>\n<td style=\"width: 127.5px;\">Coordinaci\u00f3n Bachillerato<\/td>\n<td style=\"width: 96.5469px;\"><a href=\"tel:+573177187340\">317 7187340<\/a><\/td>\n<td style=\"width: 441.898px;\"><a href=\"mailto:coordinacionacademicabachillerato@colvirreysolis.edu.co\">coordinacionacademicabachillerato\n@colvirreysolis.edu.co<\/a><\/td>\n<\/tr>\n<tr>\n<td style=\"width: 127.5px;\">Coordinaci\u00f3n Preescolar y Primaria<\/td>\n<td style=\"width: 96.5469px;\"><a href=\"tel:+573242831305\">324 2831305<\/a><\/td>\n<td style=\"width: 441.898px;\"><a href=\"mailto:coordinacionpreescolaryprimaria@colvirreysolis.edu.co\">coordinacionpreescolaryprimaria\n@colvirreysolis.edu.co<\/a><\/td>\n<\/tr>\n<\/tbody>\n<\/table>\n<table dir=\"ltr\" border=\"1\" cellspacing=\"0\" cellpadding=\"0\" data-sheets-root=\"1\" data-sheets-baot=\"1\"><colgroup> <col width=\"304\" \/> <col width=\"100\" \/> <col width=\"405\" \/><\/colgroup>\n<tbody>\n<tr>\n<td style=\"width: 127.5px;\"><span style=\"color: #4b4f58;\">Coordinaci\u00f3n de Talento Humano<\/span><\/td>\n<td style=\"width: 96.5469px;\"><span style=\"color: #4b4f58;\"><a href=\"tel:+573043565767\">304 3565767<\/a><\/span><\/td>\n<td style=\"width: 441.898px;\"><span style=\"color: #4b4f58;\"><a href=\"mailto:talentohumano@colvirreysolis.edu.co\">talentohumano@colvirreysolis.edu.co<\/a><\/span><\/td>\n<\/tr>\n<tr>\n<td style=\"width: 127.5px;\"><span style=\"color: #4b4f58;\">Seguridad y Salud en el Trabajo<\/span><\/td>\n<td style=\"width: 96.5469px;\"><span style=\"color: #4b4f58;\"><a href=\"tel:+57324 2831351\">324 2831351<\/a><\/span><\/td>\n<td style=\"width: 441.898px;\"><span style=\"color: #4b4f58;\"><a href=\"mailto:sst@colvirreysolis.edu.co\">sst@colvirreysolis.edu.co<\/a><\/span><\/td>\n<\/tr>\n<tr>\n<td style=\"width: 127.5px;\"><span style=\"color: #4b4f58;\">Coordinaci\u00f3n de Contabilidad<\/span><\/td>\n<td style=\"width: 96.5469px;\"><span style=\"color: #4b4f58;\"><a href=\"tel:+573185500222\">318 5500222<\/a><\/span><\/td>\n<td style=\"width: 441.898px;\"><span style=\"color: #4b4f58;\"><a href=\"mailto:contabilidad@colvirreysolis.edu.co\">contabilidad@colvirreysolis.edu.co<\/a><\/span><\/td>\n<\/tr>\n<tr>\n<td style=\"width: 127.5px;\"><span style=\"color: #4b4f58;\">Compras<\/span><\/td>\n<td style=\"width: 96.5469px;\"><span style=\"color: #4b4f58;\"><a href=\"tel:+573167425813\">316 7425813<\/a><\/span><\/td>\n<td style=\"width: 441.898px;\"><span style=\"color: #4b4f58;\"><a href=\"mailto:compras@colvirreysolis.edu.co\">compras@colvirreysolis.edu.co<\/a><\/span><\/td>\n<\/tr>\n<tr>\n<td style=\"width: 127.5px;\"><span style=\"color: #4b4f58;\">Coordinaci\u00f3n de Infraestructura<\/span><\/td>\n<td style=\"width: 96.5469px;\"><span style=\"color: #4b4f58;\"><a href=\"tel:+573242831350\">324 2831350<\/a><\/span><\/td>\n<td style=\"width: 441.898px;\"><span style=\"color: #4b4f58;\"><a href=\"mailto:infraestructuraytecnologia@colvirreysolis.edu.co\">infraestructuraytecnologia\n@colvirreysolis.edu.co<\/a><\/span><\/td>\n<\/tr>\n<tr>\n<td style=\"width: 127.5px;\"><span style=\"color: #4b4f58;\">Coordinaci\u00f3n de Sistemas<\/span><\/td>\n<td style=\"width: 96.5469px;\"><span style=\"color: #4b4f58;\"><a href=\"tel:+573242831350\">324 2831350<\/a><\/span><\/td>\n<td style=\"width: 441.898px;\"><span style=\"color: #4b4f58;\"><a href=\"mailto:sistemas@colvirreysolis.edu.co\">sistemas@colvirreysolis.edu.co<\/a><\/span><\/td>\n<\/tr>\n<tr>\n<td style=\"width: 127.5px;\"><span style=\"color: #4b4f58;\">Comunicaciones y Marketing<\/span><\/td>\n<td style=\"width: 96.5469px;\"><span style=\"color: #4b4f58;\"><a href=\"tel:+573157222788\">315 7222788<\/a><\/span><\/td>\n<td style=\"width: 441.898px;\"><span style=\"color: #4b4f58;\"><a href=\"mailto:comunicacionesymarketing@colvirreysolis.edu.co\">comunicacionesymarketing\n@colvirreysolis.edu.co<\/a><\/span><\/td>\n<\/tr>\n<\/tbody>\n<\/table>\t\t\t\t\t\t\t\t<\/div>\n\t\t\t\t\t<\/div>\n\t\t\t\t<\/div>\n\t\t\t\t\t<\/div>\n\t\t\t\t<\/div>\n\t\t\t\t\t<\/div>\n\t\t\t\t<\/div>\n\t\t\t\t<\/div>\n\t\t","protected":false},"excerpt":{"rendered":"<p>Contacto L\u00edneas de Atenci\u00f3n al P\u00fablico Rectoria rectoria@colvirreysolis.edu.co Secretaria General 318 2819147 secretaria@colvirreysolis.edu.co Admisiones 318 2494264 adminsiones@colvirreysolis.edu.co Cartera 317 6607200 analistacartera@colvirreysolis.edu.co Coordinaci\u00f3n Bachillerato 317 7187340 coordinacionacademicabachillerato @colvirreysolis.edu.co Coordinaci\u00f3n Preescolar y Primaria 324 2831305 coordinacionpreescolaryprimaria @colvirreysolis.edu.co Coordinaci\u00f3n de Talento Humano 304 3565767 talentohumano@colvirreysolis.edu.co Seguridad y Salud en el Trabajo 324 2831351 sst@colvirreysolis.edu.co Coordinaci\u00f3n de Contabilidad 318 [&hellip;]<\/p>\n","protected":false},"author":1,"featured_media":0,"parent":0,"menu_order":0,"comment_status":"closed","ping_status":"closed","template":"","meta":{"site-sidebar-layout":"no-sidebar","site-content-layout":"page-builder","ast-site-content-layout":"full-width-container","site-content-style":"unboxed","site-sidebar-style":"unboxed","ast-global-header-display":"","ast-banner-title-visibility":"","ast-main-header-display":"","ast-hfb-above-header-display":"","ast-hfb-below-header-display":"","ast-hfb-mobile-header-display":"","site-post-title":"disabled","ast-breadcrumbs-content":"","ast-featured-img":"disabled","footer-sml-layout":"","ast-disable-related-posts":"","theme-transparent-header-meta":"default","adv-header-id-meta":"","stick-header-meta":"default","header-above-stick-meta":"","header-main-stick-meta":"","header-below-stick-meta":"","astra-migrate-meta-layouts":"set","ast-page-background-enabled":"default","ast-page-background-meta":{"desktop":{"background-color":"","background-image":"","background-repeat":"repeat","background-position":"center center","background-size":"auto","background-attachment":"scroll","background-type":"","background-media":"","overlay-type":"","overlay-color":"","overlay-opacity":"","overlay-gradient":""},"tablet":{"background-color":"","background-image":"","background-repeat":"repeat","background-position":"center center","background-size":"auto","background-attachment":"scroll","background-type":"","background-media":"","overlay-type":"","overlay-color":"","overlay-opacity":"","overlay-gradient":""},"mobile":{"background-color":"","background-image":"","background-repeat":"repeat","background-position":"center center","background-size":"auto","background-attachment":"scroll","background-type":"","background-media":"","overlay-type":"","overlay-color":"","overlay-opacity":"","overlay-gradient":""}},"ast-content-background-meta":{"desktop":{"background-color":"var(--ast-global-color-5)","background-image":"","background-repeat":"repeat","background-position":"center center","background-size":"auto","background-attachment":"scroll","background-type":"","background-media":"","overlay-type":"","overlay-color":"","overlay-opacity":"","overlay-gradient":""},"tablet":{"background-color":"var(--ast-global-color-5)","background-image":"","background-repeat":"repeat","background-position":"center center","background-size":"auto","background-attachment":"scroll","background-type":"","background-media":"","overlay-type":"","overlay-color":"","overlay-opacity":"","overlay-gradient":""},"mobile":{"background-color":"var(--ast-global-color-5)","background-image":"","background-repeat":"repeat","background-position":"center center","background-size":"auto","background-attachment":"scroll","background-type":"","background-media":"","overlay-type":"","overlay-color":"","overlay-opacity":"","overlay-gradient":""}},"_joinchat":[],"footnotes":""},"class_list":["post-24","page","type-page","status-publish","hentry"],"_links":{"self":[{"href":"https:\/\/novawebmaster.com\/colvirreysolis\/wp-json\/wp\/v2\/pages\/24","targetHints":{"allow":["GET"]}}],"collection":[{"href":"https:\/\/novawebmaster.com\/colvirreysolis\/wp-json\/wp\/v2\/pages"}],"about":[{"href":"https:\/\/novawebmaster.com\/colvirreysolis\/wp-json\/wp\/v2\/types\/page"}],"author":[{"embeddable":true,"href":"https:\/\/novawebmaster.com\/colvirreysolis\/wp-json\/wp\/v2\/users\/1"}],"replies":[{"embeddable":true,"href":"https:\/\/novawebmaster.com\/colvirreysolis\/wp-json\/wp\/v2\/comments?post=24"}],"version-history":[{"count":52,"href":"https:\/\/novawebmaster.com\/colvirreysolis\/wp-json\/wp\/v2\/pages\/24\/revisions"}],"predecessor-version":[{"id":3865,"href":"https:\/\/novawebmaster.com\/colvirreysolis\/wp-json\/wp\/v2\/pages\/24\/revisions\/3865"}],"wp:attachment":[{"href":"https:\/\/novawebmaster.com\/colvirreysolis\/wp-json\/wp\/v2\/media?parent=24"}],"curies":[{"name":"wp","href":"https:\/\/api.w.org\/{rel}","templated":true}]}}